{"id":2,"date":"2016-06-29T16:11:02","date_gmt":"2016-06-29T15:11:02","guid":{"rendered":"http:\/\/site.orchestre-opus.fr\/?page_id=2"},"modified":"2026-04-12T08:12:33","modified_gmt":"2026-04-12T06:12:33","slug":"page-d-exemple","status":"publish","type":"page","link":"https:\/\/www.orchestre-opus.fr\/","title":{"rendered":"D\u00e9couvrez Opus, l&rsquo;orchestre des Alpes du sud"},"content":{"rendered":"\n<figure class=\"wp-block-image size-large\"><img loading=\"lazy\" decoding=\"async\" width=\"1024\" height=\"683\" src=\"https:\/\/www.orchestre-opus.fr\/wp-content\/uploads\/2024\/05\/Ensues1-1024x683.jpg\" alt=\"\" class=\"wp-image-625\" srcset=\"https:\/\/www.orchestre-opus.fr\/wp-content\/uploads\/2024\/05\/Ensues1-1024x683.jpg 1024w, https:\/\/www.orchestre-opus.fr\/wp-content\/uploads\/2024\/05\/Ensues1-300x200.jpg 300w, https:\/\/www.orchestre-opus.fr\/wp-content\/uploads\/2024\/05\/Ensues1-768x512.jpg 768w, https:\/\/www.orchestre-opus.fr\/wp-content\/uploads\/2024\/05\/Ensues1-400x267.jpg 400w, https:\/\/www.orchestre-opus.fr\/wp-content\/uploads\/2024\/05\/Ensues1-272x182.jpg 272w, https:\/\/www.orchestre-opus.fr\/wp-content\/uploads\/2024\/05\/Ensues1.jpg 1181w\" sizes=\"auto, (max-width: 1024px) 100vw, 1024px\" \/><\/figure>\n\n\n\n<figure class=\"wp-block-image size-large\"><img loading=\"lazy\" decoding=\"async\" width=\"1024\" height=\"683\" src=\"https:\/\/www.orchestre-opus.fr\/wp-content\/uploads\/2024\/05\/Ensues2-1-1024x683.jpg\" alt=\"\" class=\"wp-image-633\" srcset=\"https:\/\/www.orchestre-opus.fr\/wp-content\/uploads\/2024\/05\/Ensues2-1-1024x683.jpg 1024w, https:\/\/www.orchestre-opus.fr\/wp-content\/uploads\/2024\/05\/Ensues2-1-300x200.jpg 300w, https:\/\/www.orchestre-opus.fr\/wp-content\/uploads\/2024\/05\/Ensues2-1-768x512.jpg 768w, https:\/\/www.orchestre-opus.fr\/wp-content\/uploads\/2024\/05\/Ensues2-1-400x267.jpg 400w, https:\/\/www.orchestre-opus.fr\/wp-content\/uploads\/2024\/05\/Ensues2-1-272x182.jpg 272w, https:\/\/www.orchestre-opus.fr\/wp-content\/uploads\/2024\/05\/Ensues2-1.jpg 1181w\" sizes=\"auto, (max-width: 1024px) 100vw, 1024px\" \/><\/figure>\n\n\n\n<p class=\"has-text-align-center\"><em><span class=\"has-inline-color has-vivid-cyan-blue-color\">Concert Les plus belles musiques de film salle \u00ab\u00a0Le Cadran<strong> \u00a0\u00bb <\/strong>\u00e0 Ensu\u00e8s-la-Redonne le 6 avril 2024<\/span><\/em><\/p>\n\n\n<p><\/p>\n<p><strong>Une grande aventure musicale et humaine.<\/strong><\/p>\n<p><strong>Plus de 300 concerts en vingt ans dans les Alpes du sud.<\/strong><\/p>\n<p><strong>Une structure modulable et ouverte au service du territoire.<\/strong><\/p>\n<p><strong>Un r\u00e9pertoire vari\u00e9 et de grande qualit\u00e9 pour tout public.<\/strong><\/p>\n<p><strong>Fond\u00e9e en 1995, l&rsquo;association OPUS-Orchestre Des Alpes du Sud, est un orchestre compos\u00e9 de musiciens amateurs, de grands \u00e9l\u00e8ves des conservatoires et \u00e9coles de musique, encadr\u00e9s par des musiciens professionnels des d\u00e9partements alpins, 04 et 05.&nbsp; Seul orchestre permanent des Alpes du Sud, Opus se produit aussi bien dans les villes que dans les plus petits villages de notre territoire<\/strong><\/p>\n\n\n<p><\/p>\n\n\n\n<p class=\"has-text-align-center has-vivid-red-color has-text-color has-large-font-size\">MESSA DI GLORIA<\/p>\n\n\n\n<p class=\"has-text-align-center has-vivid-red-color has-text-color has-large-font-size\"><strong>Giacomo Puccini<\/strong><\/p>\n\n\n\n<p class=\"has-text-align-center has-vivid-red-color has-text-color has-medium-font-size\"><strong>PALAIS DES CONGRES de DIGNE LES BAINS<\/strong> <\/p>\n\n\n\n<p class=\"has-text-align-center has-vivid-red-color has-text-color has-medium-font-size\"><strong>SAMEDI 27 JUIN 2026 \u00e0 20H<\/strong>00<\/p>\n\n\n\n<p><\/p>\n\n\n\n<p class=\"has-text-align-center has-vivid-red-color has-text-color has-medium-font-size\"><strong>EGLISE ST PIERRE DE BARCELONNETTE<\/strong><\/p>\n\n\n\n<p class=\"has-text-align-center has-vivid-red-color has-text-color has-medium-font-size\"><strong>DIMANCHE 28 JUIN 2026 \u00e0 18H00<\/strong><\/p>\n\n\n\n<p class=\"has-vivid-cyan-blue-color has-text-color has-medium-font-size\"><\/p>\n\n\n\n<div class=\"wp-block-image\"><figure class=\"aligncenter size-large\"><img loading=\"lazy\" decoding=\"async\" width=\"729\" height=\"1024\" src=\"https:\/\/www.orchestre-opus.fr\/wp-content\/uploads\/2026\/04\/affiche-puccini-dign-barcelo-_modifie-2-729x1024.jpg\" alt=\"\" class=\"wp-image-696\" srcset=\"https:\/\/www.orchestre-opus.fr\/wp-content\/uploads\/2026\/04\/affiche-puccini-dign-barcelo-_modifie-2-729x1024.jpg 729w, https:\/\/www.orchestre-opus.fr\/wp-content\/uploads\/2026\/04\/affiche-puccini-dign-barcelo-_modifie-2-214x300.jpg 214w, https:\/\/www.orchestre-opus.fr\/wp-content\/uploads\/2026\/04\/affiche-puccini-dign-barcelo-_modifie-2-768x1079.jpg 768w, https:\/\/www.orchestre-opus.fr\/wp-content\/uploads\/2026\/04\/affiche-puccini-dign-barcelo-_modifie-2-1093x1536.jpg 1093w, https:\/\/www.orchestre-opus.fr\/wp-content\/uploads\/2026\/04\/affiche-puccini-dign-barcelo-_modifie-2-400x562.jpg 400w, https:\/\/www.orchestre-opus.fr\/wp-content\/uploads\/2026\/04\/affiche-puccini-dign-barcelo-_modifie-2.jpg 1129w\" sizes=\"auto, (max-width: 729px) 100vw, 729px\" \/><\/figure><\/div>\n\n\n\n<p class=\"has-vivid-cyan-blue-color has-text-color has-medium-font-size\"><\/p>\n","protected":false},"excerpt":{"rendered":"<p>Concert Les plus belles musiques de film salle \u00ab\u00a0Le Cadran \u00a0\u00bb \u00e0 Ensu\u00e8s-la-Redonne le 6 avril 2024 Une grande aventure musicale et humaine. Plus de 300 concerts en vingt ans <a class=\"more-link\" href=\"https:\/\/www.orchestre-opus.fr\/\">Continuer la lecture \u2192<\/a><\/p>\n","protected":false},"author":1,"featured_media":0,"parent":0,"menu_order":0,"comment_status":"closed","ping_status":"open","template":"","meta":{"footnotes":""},"class_list":["post-2","page","type-page","status-publish","hentry"],"_links":{"self":[{"href":"https:\/\/www.orchestre-opus.fr\/index.php\/wp-json\/wp\/v2\/pages\/2","targetHints":{"allow":["GET"]}}],"collection":[{"href":"https:\/\/www.orchestre-opus.fr\/index.php\/wp-json\/wp\/v2\/pages"}],"about":[{"href":"https:\/\/www.orchestre-opus.fr\/index.php\/wp-json\/wp\/v2\/types\/page"}],"author":[{"embeddable":true,"href":"https:\/\/www.orchestre-opus.fr\/index.php\/wp-json\/wp\/v2\/users\/1"}],"replies":[{"embeddable":true,"href":"https:\/\/www.orchestre-opus.fr\/index.php\/wp-json\/wp\/v2\/comments?post=2"}],"version-history":[{"count":63,"href":"https:\/\/www.orchestre-opus.fr\/index.php\/wp-json\/wp\/v2\/pages\/2\/revisions"}],"predecessor-version":[{"id":698,"href":"https:\/\/www.orchestre-opus.fr\/index.php\/wp-json\/wp\/v2\/pages\/2\/revisions\/698"}],"wp:attachment":[{"href":"https:\/\/www.orchestre-opus.fr\/index.php\/wp-json\/wp\/v2\/media?parent=2"}],"curies":[{"name":"wp","href":"https:\/\/api.w.org\/{rel}","templated":true}]}}