{"id":42,"date":"2016-06-30T21:17:25","date_gmt":"2016-06-30T20:17:25","guid":{"rendered":"http:\/\/site.orchestre-opus.fr\/?page_id=42"},"modified":"2018-11-02T18:53:25","modified_gmt":"2018-11-02T17:53:25","slug":"lorchestre","status":"publish","type":"page","link":"https:\/\/www.orchestre-opus.fr\/index.php\/lorchestre\/","title":{"rendered":"L&rsquo;orchestre"},"content":{"rendered":"<p align=\"justify\"><strong>Historique<\/strong><\/p>\n<p>Fond\u00e9e en 1995, l\u2019association Opus est n\u00e9e de la volont\u00e9 de cr\u00e9er et de faire vivre dans les Hautes-Alpes un orchestre capable de favoriser la diffusion de la musique classique tout en assurant le d\u00e9veloppement d\u2019une pratique musicale de qualit\u00e9.<\/p>\n<p>G\u00e9r\u00e9e par les musiciens eux-m\u00eames, tant pour le choix du r\u00e9pertoire que pour l\u2019administration g\u00e9n\u00e9rale, l\u2019association rassemble des instrumentistes professionnels, artistes et professeurs, issus des d\u00e9partements 04 et 05, \u00e9toff\u00e9s par des musiciens amateurs de bon niveau et d\u2019\u00e9l\u00e8ves d\u2019\u00e9coles de musique, offrant ainsi \u00e0 tous la possibilit\u00e9 de jouer r\u00e9guli\u00e8rement sans avoir \u00e0 se d\u00e9localiser.<\/p>\n<p>A l\u2019origine compos\u00e9 d\u2019un petit noyau de musiciens passionn\u00e9s dirig\u00e9s par Emmanuelle Oriol, altiste,\u00a0Opus a fait appel en 1997 \u00e0 la violoniste Anne M\u00e9hat pour assumer la responsabilit\u00e9 musicale de l\u2019orchestre, puis en 1998 \u00e0 Jean-Christophe Keck qui l\u2019a dirig\u00e9 jusqu\u2019en 2010. Son activit\u00e9, limit\u00e9e au d\u00e9partement des Hautes-Alpes sous la d\u00e9nomination d\u2019Opus 05, s\u2019est \u00e9tendue ensuite au d\u00e9partement des Alpes-de-Haute-Provence, ce qui a promu l\u2019ensemble au statut d\u2019orchestre bi-d\u00e9partemental, entra\u00eenant, en 2006, son changement de titre en Opus-Orchestre des Alpes du Sud, avec pour sigle ODAS. Opus ne s\u2019interdit pas quelques incursions dans le Vaucluse et les Bouches-du-Rh\u00f4ne. Dans le pass\u00e9, outre Jean-Christophe Keck, ont dirig\u00e9 l&rsquo;orchestre Nicolas Clatot, Jean-Fran\u00e7ois Paillet et Simon Baggio. Depuis 2010 deux chefs sont \u00e0 son service : Jean-Jacques Flament et Jean-Fran\u00e7ois H\u00e9ron. Actuellement Opus a pour chef Jean-Fran\u00e7ois H\u00e9ron et la Direction musicale a \u00e9t\u00e9 transmise de Anne M\u00e9hat \u00e0 Maxime Gilbert.<\/p>\n<p>Seul orchestre permanent des Alpes du sud, l\u2019ensemble se produit, tout au long de l\u2019ann\u00e9e, dans les villes comme dans les petites communes, avec un r\u00e9pertoire tr\u00e8s divers s\u2019\u00e9tendant de la Renaissance \u00e0 la p\u00e9riode contemporaine. En 2102 Opus a initi\u00e9 le Festival Bu\u00ebch-Durance, festival alliant musique et d\u00e9couverte du patrimoine et destin\u00e9 \u00e0 se perp\u00e9tuer dans les ann\u00e9es \u00e0 venir.<\/p>\n<p>Sa structure modulable permet \u00e0 Opus, selon les lieux et les demandes, de se d\u00e9ployer en grand orchestre symphonique, de se transformer en ensemble \u00e0 cordes, d\u2019accompagner des chorales ou des artistes invit\u00e9s ou en r\u00e9sidence dans la r\u00e9gion. Il faut noter la continuit\u00e9 de la collaboration avec les chorales de Michel Bernard-Reymond et de Philippe Boudriot.<\/p>\n<p>Ainsi, par une diffusion r\u00e9guli\u00e8re et permanente, par un champ d\u2019action \u00e9tendu, par la souplesse de sa structure et en rassemblant les forces vives musicales des deux d\u00e9partements alpins, Opus appara\u00eet comme un acteur essentiel de l\u2019am\u00e9nagement culturel de ce territoire.<\/p>\n<p align=\"justify\"><strong>Actions<\/strong><\/p>\n<p align=\"justify\">En plus de ses prestations propres, l\u2019orchestre Opus agit en partenariat avec les diff\u00e9rents conservatoires des d\u00e9partements 04 et 05 sur des projets ponctuels :<\/p>\n<ul>\n<li>en 2002 et 2003 avec l\u2019ENM de Brian\u00e7on, \u0153uvre principale : Cantate fun\u00e8bre de Telemann,<\/li>\n<li>en 2004 avec les ENM de Gap et Digne-Manosque, \u0153uvre principale : suite orchestrale extraite de Peer Gynt de Grieg,<\/li>\n<li>en 2005 avec l\u2019ENM de Digne-Manosque, \u0153uvre principale : cr\u00e9ation de D\u00e9lib\u00e9ration des Nomades de Pascale Jakubowski,<\/li>\n<li>en 2007 avec l\u2019ENM de Digne-Manosque, convention d\u2019une ann\u00e9e, deux concerts donn\u00e9s,<\/li>\n<li>en 2007 avec l\u2019Ecole de Reillanne, dans le cadre du festival Andante,<\/li>\n<li>en 2008 avec le CRM de Brian\u00e7on, \u0153uvre principale : Concerto pour piano de Schumann,<\/li>\n<li>en 2009, avec l\u2019\u00e9cole municipale de Sisteron, \u0153uvre principale travaill\u00e9e\u00a0: Troisi\u00e8me concerto brandebourgeois de Bach,<\/li>\n<li>en 2009, avec le CRM de Brian\u00e7on, \u0153uvres principales\u00a0: Symphonie inachev\u00e9e de Schubert et Concerto pour clarinette de Mozart.<\/li>\n<\/ul>\n<p><img loading=\"lazy\" decoding=\"async\" class=\"aligncenter size-full wp-image-162\" src=\"http:\/\/site.orchestre-opus.fr\/wp-content\/uploads\/2018\/11\/CarteOpus.png\" alt=\"\" width=\"586\" height=\"825\" srcset=\"https:\/\/www.orchestre-opus.fr\/wp-content\/uploads\/2018\/11\/CarteOpus.png 586w, https:\/\/www.orchestre-opus.fr\/wp-content\/uploads\/2018\/11\/CarteOpus-213x300.png 213w, https:\/\/www.orchestre-opus.fr\/wp-content\/uploads\/2018\/11\/CarteOpus-400x563.png 400w\" sizes=\"auto, (max-width: 586px) 100vw, 586px\" \/><\/p>\n<p>L\u2019orchestre accompagne \u00e9galement les concerts organis\u00e9s par des chorales des deux d\u00e9partements :<\/p>\n<ul>\n<li>Chorale du Haut-Bu\u00ebch,<\/li>\n<li>A Croche Ch\u0153ur,<\/li>\n<li>Vivace,<\/li>\n<li>Atelier d\u2019Art Lyrique d\u2019Embrun,<\/li>\n<li>Th\u00e9lia,<\/li>\n<li>A Coeur Joie Provence Alpine,<\/li>\n<li>Ensemble Vocal du Conservatoire de Gap,<\/li>\n<li>Chorale des Cordeliers,<\/li>\n<li>Sol\u2019Aria,<\/li>\n<li>Les Valets de Ch\u0153ur,<\/li>\n<li>Ch\u0153ur Accord,<\/li>\n<li>Le Centre d&rsquo;Art Lyrique des Alpes du Sud (CALAS)<\/li>\n<\/ul>\n","protected":false},"excerpt":{"rendered":"<p>Historique Fond\u00e9e en 1995, l\u2019association Opus est n\u00e9e de la volont\u00e9 de cr\u00e9er et de faire vivre dans les Hautes-Alpes un orchestre capable de favoriser la diffusion de la musique <a class=\"more-link\" href=\"https:\/\/www.orchestre-opus.fr\/index.php\/lorchestre\/\">Continuer la lecture \u2192<\/a><\/p>\n","protected":false},"author":1,"featured_media":0,"parent":0,"menu_order":0,"comment_status":"closed","ping_status":"closed","template":"","meta":{"footnotes":""},"class_list":["post-42","page","type-page","status-publish","hentry"],"_links":{"self":[{"href":"https:\/\/www.orchestre-opus.fr\/index.php\/wp-json\/wp\/v2\/pages\/42","targetHints":{"allow":["GET"]}}],"collection":[{"href":"https:\/\/www.orchestre-opus.fr\/index.php\/wp-json\/wp\/v2\/pages"}],"about":[{"href":"https:\/\/www.orchestre-opus.fr\/index.php\/wp-json\/wp\/v2\/types\/page"}],"author":[{"embeddable":true,"href":"https:\/\/www.orchestre-opus.fr\/index.php\/wp-json\/wp\/v2\/users\/1"}],"replies":[{"embeddable":true,"href":"https:\/\/www.orchestre-opus.fr\/index.php\/wp-json\/wp\/v2\/comments?post=42"}],"version-history":[{"count":2,"href":"https:\/\/www.orchestre-opus.fr\/index.php\/wp-json\/wp\/v2\/pages\/42\/revisions"}],"predecessor-version":[{"id":164,"href":"https:\/\/www.orchestre-opus.fr\/index.php\/wp-json\/wp\/v2\/pages\/42\/revisions\/164"}],"wp:attachment":[{"href":"https:\/\/www.orchestre-opus.fr\/index.php\/wp-json\/wp\/v2\/media?parent=42"}],"curies":[{"name":"wp","href":"https:\/\/api.w.org\/{rel}","templated":true}]}}