{"id":44,"date":"2016-06-30T21:18:49","date_gmt":"2016-06-30T20:18:49","guid":{"rendered":"http:\/\/site.orchestre-opus.fr\/?page_id=44"},"modified":"2025-06-05T07:17:06","modified_gmt":"2025-06-05T05:17:06","slug":"direction-musicale","status":"publish","type":"page","link":"https:\/\/www.orchestre-opus.fr\/index.php\/direction-musicale\/","title":{"rendered":"Direction musicale"},"content":{"rendered":"<p align=\"justify\"><em><span style=\"font-family: Arial, sans-serif;\"><span style=\"font-size: medium;\"><i><b>Direction musicale<\/b><\/i><\/span><\/span><\/em><\/p>\n<p align=\"justify\"><span style=\"font-family: Arial, sans-serif;\"><span style=\"font-size: medium;\">Depuis la cr\u00e9ation de l&rsquo;orchestre en 1995, diff\u00e9rents directeurs musicaux se sont succ\u00e9d\u00e9 : Anne M\u00e9hat, Jean-Christophe Keck, Simon Baggio, Jean-Jacques Flament, Jean Fran\u00e7ois H\u00e9ron,\u00a0 Maxime Gilbert et B\u00e9n\u00e9dicte Trotereau. Actuellement cette fonction est assur\u00e9e par les chefs :\u00a0 Jean-Emmanuel Jacquet, MikhaIl Suhaka et Guillaume Pioch.<\/span><\/span><\/p>\n<p>\u00a0<\/p>\n<p><span style=\"font-family: Arial, sans-serif; color: #ff9900;\"><span style=\"font-size: medium;\"><i><b>Jean-Emmanuel Jacquet &#8211; Chef d&rsquo;orchestre<\/b><\/i><\/span><\/span><\/p>\n<p><span style=\"font-family: Arial, sans-serif;\"><span style=\"font-size: medium;\">Musicologue de formation (Aix-Marseille II), chef d&rsquo;orchestre (classe d&rsquo;Yves Cohen au conservatoire de la Rochelle) et chef de choeur, Jean-Emmanuel Jacquet est depuis 2013 Directeur artistique du Ch\u0153ur d\u00e9partemental des Alpes-de-Haute-Provence. Ses participations au sein du Ch\u0153ur Contemporain d\u2019Aix-en-Provence et de la Camerata de Provence lui ont permis de collaborer \u00e0 la r\u00e9alisation d\u2019enregistrements discographiques ainsi que de participer \u00e0 de grandes manifestations musicales telles que le Festival d\u2019Avignon, le Festival de Musique d\u2019\u00cele-de-France ainsi que le Festival de Musique d\u2019Aix-en-Provence. Il est \u00e9galement professeur de chant choral au Conservatoire \u00e0 Rayonnement D\u00e9partemental des Hautes-Alpes \u00e0 Gap. Il dirige diff\u00e9rents ch\u0153urs de la r\u00e9gion Provence-Alpes-C\u00f4te d&rsquo;Azur notamment le Ch\u0153ur Philharmonique de Marseille depuis 2005 et l&rsquo;Ensemble vocal les voix de Phoc\u00e9e depuis 1996. Plusieurs collaborations ont eu lieu avec l&rsquo;orchestre Opus autour des \u0153uvres de Mendelssohn, Cherubini et Mozart.<\/span><\/span><\/p>\n<h4><i><span style=\"color: #ff9900;\"><strong>Guillaume Pioch &#8211; Direction du violon<\/strong><\/span><b><\/b><\/i><\/h4>\n<p><span style=\"color: #ffffff;\">Ligne<\/span><\/p>\n<div id=\":ky\" class=\"a3s aiL \">\n<div>\n<div id=\"attachment_410\" style=\"width: 231px\" class=\"wp-caption alignleft\"><img loading=\"lazy\" decoding=\"async\" aria-describedby=\"caption-attachment-410\" class=\" wp-image-410\" src=\"https:\/\/www.orchestre-opus.fr\/wp-content\/uploads\/2021\/12\/Gpioch5-scaled.jpg\" alt=\"\" width=\"221\" height=\"295\" srcset=\"https:\/\/www.orchestre-opus.fr\/wp-content\/uploads\/2021\/12\/Gpioch5-scaled.jpg 1920w, https:\/\/www.orchestre-opus.fr\/wp-content\/uploads\/2021\/12\/Gpioch5-225x300.jpg 225w, https:\/\/www.orchestre-opus.fr\/wp-content\/uploads\/2021\/12\/Gpioch5-768x1024.jpg 768w, https:\/\/www.orchestre-opus.fr\/wp-content\/uploads\/2021\/12\/Gpioch5-1152x1536.jpg 1152w, https:\/\/www.orchestre-opus.fr\/wp-content\/uploads\/2021\/12\/Gpioch5-1536x2048.jpg 1536w, https:\/\/www.orchestre-opus.fr\/wp-content\/uploads\/2021\/12\/Gpioch5-400x533.jpg 400w\" sizes=\"auto, (max-width: 221px) 100vw, 221px\" \/><p id=\"caption-attachment-410\" class=\"wp-caption-text\"><span style=\"color: #008000;\">Guillaume Pioch<\/span><\/p><\/div>\n<p style=\"text-align: left; padding-left: 40px;\">C&rsquo;est \u00e0 Brian\u00e7on que Guillaume Pioch d\u00e9bute le violon avec Pascal Hotelier. Passionn\u00e9 par les projets musicaux ambitieux du conservatoire dirig\u00e9s par Jean-Jacques Flament, il d\u00e9cide d&#8217;embrasser une carri\u00e8re musicale et entre au CNRR de Marseille. Sous l&rsquo;\u00e9gide de Francis Duroy, il est admis dans sa classe au CRR de Lyon, et y obtient son Dipl\u00f4me d&rsquo;Etudes Musicales . Dans le m\u00eame temps , il parfait sa musicologie en licence \u00e0 l&rsquo;Universit\u00e9 Lyon II . Guillaume poursuit son apprentissage \u00e0 la Haute \u00c9cole de Musique de Gen\u00e8ve en violon et y obtiendra un Bachelor ainsi qu&rsquo;un Master d&rsquo;interpr\u00e9tation dans la classe de Patrick Genet. Aujourd&rsquo;hui, il continue de se perfectionner aupr\u00e8s de \u00a0son professeur Aurelio Perez. Depuis son plus jeune \u00e2ge, Guillaume se produit r\u00e9guli\u00e8rement en orchestre et en musique de chambre. Il cr\u00e9e en 2019 avec un groupe d&rsquo;amis l&rsquo;ensemble Quantor, un ensemble de musicien \u00e0 g\u00e9om\u00e9trie variable rendant la musique classique accessible \u00e0 tous. Il est \u00e9galement professeur de violon au conservatoire de Saint-Martin-d&rsquo;H\u00e8res. Musicien dans les rangs de Opus orchestre des Alpes du Sud depuis ses 13 ans, c&rsquo;est tout naturellement qu&rsquo;il y poursuit une activit\u00e9 r\u00e9guli\u00e8re en tant que violoniste, violon solo, soliste et direction du violon.<\/p>\n<\/div>\n<\/div>\n\n\n<p><\/p>\n\n\n\n<p class=\"has-luminous-vivid-orange-color has-text-color has-medium-font-size\"><strong>Chef d&rsquo;Orchestre : MikhaIl Suhaka<\/strong><\/p>\n\n\n\n<figure class=\"wp-block-image size-large is-resized\"><img loading=\"lazy\" decoding=\"async\" src=\"https:\/\/www.orchestre-opus.fr\/wp-content\/uploads\/2023\/08\/Mikhail-Suhaka2.jpg\" alt=\"\" class=\"wp-image-584\" width=\"412\" height=\"575\" srcset=\"https:\/\/www.orchestre-opus.fr\/wp-content\/uploads\/2023\/08\/Mikhail-Suhaka2.jpg 568w, https:\/\/www.orchestre-opus.fr\/wp-content\/uploads\/2023\/08\/Mikhail-Suhaka2-215x300.jpg 215w, https:\/\/www.orchestre-opus.fr\/wp-content\/uploads\/2023\/08\/Mikhail-Suhaka2-400x558.jpg 400w\" sizes=\"auto, (max-width: 412px) 100vw, 412px\" \/><\/figure>\n\n\n\n<figure class=\"wp-block-image size-large\"><img loading=\"lazy\" decoding=\"async\" width=\"663\" height=\"1024\" src=\"https:\/\/www.orchestre-opus.fr\/wp-content\/uploads\/2023\/08\/CVJPEG-MichaIl3-663x1024.jpg\" alt=\"\" class=\"wp-image-585\" srcset=\"https:\/\/www.orchestre-opus.fr\/wp-content\/uploads\/2023\/08\/CVJPEG-MichaIl3-663x1024.jpg 663w, https:\/\/www.orchestre-opus.fr\/wp-content\/uploads\/2023\/08\/CVJPEG-MichaIl3-194x300.jpg 194w, https:\/\/www.orchestre-opus.fr\/wp-content\/uploads\/2023\/08\/CVJPEG-MichaIl3-768x1186.jpg 768w, https:\/\/www.orchestre-opus.fr\/wp-content\/uploads\/2023\/08\/CVJPEG-MichaIl3-994x1536.jpg 994w, https:\/\/www.orchestre-opus.fr\/wp-content\/uploads\/2023\/08\/CVJPEG-MichaIl3-388x600.jpg 388w, https:\/\/www.orchestre-opus.fr\/wp-content\/uploads\/2023\/08\/CVJPEG-MichaIl3.jpg 1076w\" sizes=\"auto, (max-width: 663px) 100vw, 663px\" \/><\/figure>\n","protected":false},"excerpt":{"rendered":"<p>Direction musicale Depuis la cr\u00e9ation de l&rsquo;orchestre en 1995, diff\u00e9rents directeurs musicaux se sont succ\u00e9d\u00e9 : Anne M\u00e9hat, Jean-Christophe Keck, Simon Baggio, Jean-Jacques Flament, Jean Fran\u00e7ois H\u00e9ron,\u00a0 Maxime Gilbert et <a class=\"more-link\" href=\"https:\/\/www.orchestre-opus.fr\/index.php\/direction-musicale\/\">Continuer la lecture \u2192<\/a><\/p>\n","protected":false},"author":1,"featured_media":0,"parent":0,"menu_order":0,"comment_status":"closed","ping_status":"closed","template":"","meta":{"footnotes":""},"class_list":["post-44","page","type-page","status-publish","hentry"],"_links":{"self":[{"href":"https:\/\/www.orchestre-opus.fr\/index.php\/wp-json\/wp\/v2\/pages\/44","targetHints":{"allow":["GET"]}}],"collection":[{"href":"https:\/\/www.orchestre-opus.fr\/index.php\/wp-json\/wp\/v2\/pages"}],"about":[{"href":"https:\/\/www.orchestre-opus.fr\/index.php\/wp-json\/wp\/v2\/types\/page"}],"author":[{"embeddable":true,"href":"https:\/\/www.orchestre-opus.fr\/index.php\/wp-json\/wp\/v2\/users\/1"}],"replies":[{"embeddable":true,"href":"https:\/\/www.orchestre-opus.fr\/index.php\/wp-json\/wp\/v2\/comments?post=44"}],"version-history":[{"count":12,"href":"https:\/\/www.orchestre-opus.fr\/index.php\/wp-json\/wp\/v2\/pages\/44\/revisions"}],"predecessor-version":[{"id":664,"href":"https:\/\/www.orchestre-opus.fr\/index.php\/wp-json\/wp\/v2\/pages\/44\/revisions\/664"}],"wp:attachment":[{"href":"https:\/\/www.orchestre-opus.fr\/index.php\/wp-json\/wp\/v2\/media?parent=44"}],"curies":[{"name":"wp","href":"https:\/\/api.w.org\/{rel}","templated":true}]}}