{"id":61,"date":"2016-06-30T21:28:53","date_gmt":"2016-06-30T20:28:53","guid":{"rendered":"http:\/\/site.orchestre-opus.fr\/?page_id=61"},"modified":"2026-04-12T08:15:54","modified_gmt":"2026-04-12T06:15:54","slug":"contact","status":"publish","type":"page","link":"https:\/\/www.orchestre-opus.fr\/index.php\/contact\/","title":{"rendered":"Contact"},"content":{"rendered":"\n<p><\/p>\n\n\n\n<div class=\"wp-block-image\"><figure class=\"aligncenter size-large is-resized\"><img loading=\"lazy\" decoding=\"async\" src=\"https:\/\/www.orchestre-opus.fr\/wp-content\/uploads\/2022\/03\/cropped-logo-opus-original-1024x578.png\" alt=\"\" class=\"wp-image-453\" width=\"559\" height=\"315\" srcset=\"https:\/\/www.orchestre-opus.fr\/wp-content\/uploads\/2022\/03\/cropped-logo-opus-original-1024x578.png 1024w, https:\/\/www.orchestre-opus.fr\/wp-content\/uploads\/2022\/03\/cropped-logo-opus-original-300x169.png 300w, https:\/\/www.orchestre-opus.fr\/wp-content\/uploads\/2022\/03\/cropped-logo-opus-original-768x433.png 768w, https:\/\/www.orchestre-opus.fr\/wp-content\/uploads\/2022\/03\/cropped-logo-opus-original-1536x867.png 1536w, https:\/\/www.orchestre-opus.fr\/wp-content\/uploads\/2022\/03\/cropped-logo-opus-original-400x226.png 400w, https:\/\/www.orchestre-opus.fr\/wp-content\/uploads\/2022\/03\/cropped-logo-opus-original.png 1632w\" sizes=\"auto, (max-width: 559px) 100vw, 559px\" \/><\/figure><\/div>\n\n\n\n<p><\/p>\n\n\n\n<p class=\"has-text-color has-medium-font-size\" style=\"color:#a30035\">Pr\u00e9sident d&rsquo;honneur : <strong>Jean Rosso<\/strong><\/p>\n\n\n\n<p class=\"has-text-color has-medium-font-size\" style=\"color:#a30035\">Pr\u00e9sident  :<strong> Claude G\u00e9rard<br><br><\/strong>Tr\u00e9sorier : <strong>Thierry Blanchette<\/strong><\/p>\n\n\n\n<p class=\"has-text-color has-medium-font-size\" style=\"color:#a30035\">Vice Pr\u00e9sidente 05 :<strong> Marie Payet<br><br><\/strong>Vice Pr\u00e9sidente 04 : <strong>Isabelle Pagnacco<br><br><\/strong>Secr\u00e9taire<strong> : Claire Billerach<\/strong><\/p>\n\n\n\n<p>Courriel: <a rel=\"noreferrer noopener\" href=\"mailto:cgerard-05@orange.fr\" target=\"_blank\">cgerard-05@orange.fr<\/a><\/p>\n\n\n\n<p><\/p>\n\n\n\n\n\n<p><\/p>\n\n\n\n<p><\/p>\n\n\n\n<p><\/p>\n\n\n\n<p class=\"has-text-align-center\"><em>Opus &#8211; Orchestre des Alpes du Sud est une association r\u00e9gie par la loi du 1er juillet 1901.<\/em><\/p>\n\n\n\n<p class=\"has-text-align-center\"><em>Code APE : 9001Z, n\u00b0 siret : 448 751 586 00018<\/em><\/p>\n\n\n\n<p class=\"has-text-align-center\"><em>Licence d&rsquo;entrepreneur de spectacles n\u00b0 2-1031596<\/em><\/p>\n","protected":false},"excerpt":{"rendered":"<p>Pr\u00e9sident d&rsquo;honneur : Jean Rosso Pr\u00e9sident : Claude G\u00e9rard Tr\u00e9sorier : Thierry Blanchette Vice Pr\u00e9sidente 05 : Marie Payet Vice Pr\u00e9sidente 04 : Isabelle Pagnacco Secr\u00e9taire : Claire Billerach Courriel: <a class=\"more-link\" href=\"https:\/\/www.orchestre-opus.fr\/index.php\/contact\/\">Continuer la lecture \u2192<\/a><\/p>\n","protected":false},"author":8,"featured_media":0,"parent":0,"menu_order":0,"comment_status":"closed","ping_status":"closed","template":"","meta":{"footnotes":""},"class_list":["post-61","page","type-page","status-publish","hentry"],"_links":{"self":[{"href":"https:\/\/www.orchestre-opus.fr\/index.php\/wp-json\/wp\/v2\/pages\/61","targetHints":{"allow":["GET"]}}],"collection":[{"href":"https:\/\/www.orchestre-opus.fr\/index.php\/wp-json\/wp\/v2\/pages"}],"about":[{"href":"https:\/\/www.orchestre-opus.fr\/index.php\/wp-json\/wp\/v2\/types\/page"}],"author":[{"embeddable":true,"href":"https:\/\/www.orchestre-opus.fr\/index.php\/wp-json\/wp\/v2\/users\/8"}],"replies":[{"embeddable":true,"href":"https:\/\/www.orchestre-opus.fr\/index.php\/wp-json\/wp\/v2\/comments?post=61"}],"version-history":[{"count":7,"href":"https:\/\/www.orchestre-opus.fr\/index.php\/wp-json\/wp\/v2\/pages\/61\/revisions"}],"predecessor-version":[{"id":699,"href":"https:\/\/www.orchestre-opus.fr\/index.php\/wp-json\/wp\/v2\/pages\/61\/revisions\/699"}],"wp:attachment":[{"href":"https:\/\/www.orchestre-opus.fr\/index.php\/wp-json\/wp\/v2\/media?parent=61"}],"curies":[{"name":"wp","href":"https:\/\/api.w.org\/{rel}","templated":true}]}}